{"id":21,"date":"2014-10-24T02:10:00","date_gmt":"2014-10-24T02:10:00","guid":{"rendered":"https:\/\/chaucha.gob.ec\/azuay\/?page_id=21"},"modified":"2026-04-20T16:05:38","modified_gmt":"2026-04-20T20:05:38","slug":"ultimas-noticias","status":"publish","type":"page","link":"https:\/\/chaucha.gob.ec\/azuay\/ultimas-noticias\/","title":{"rendered":"Ultimas Noticias"},"content":{"rendered":"\t\t<div data-elementor-type=\"wp-page\" data-elementor-id=\"21\" class=\"elementor elementor-21\" data-elementor-settings=\"[]\">\n\t\t\t<div class=\"elementor-inner\">\n\t\t\t\t<div class=\"elementor-section-wrap\">\n\t\t\t\t\t\t\t<section class=\"elementor-element elementor-element-a841dcb elementor-section-boxed elementor-section-height-default elementor-section-height-default elementor-section elementor-top-section\" data-id=\"a841dcb\" data-element_type=\"section\">\n\t\t\t\t\t\t<div class=\"elementor-container elementor-column-gap-default\">\n\t\t\t\t<div class=\"elementor-row\">\n\t\t\t\t<div class=\"elementor-element elementor-element-0061a5f elementor-column elementor-col-100 elementor-top-column\" data-id=\"0061a5f\" data-element_type=\"column\">\n\t\t\t<div class=\"elementor-column-wrap  elementor-element-populated\">\n\t\t\t\t\t<div class=\"elementor-widget-wrap\">\n\t\t\t\t<div class=\"elementor-element elementor-element-bddbf42 elementor-grid-3 elementor-grid-tablet-2 elementor-grid-mobile-1 elementor-posts--thumbnail-top elementor-card-shadow-yes elementor-posts__hover-gradient elementor-widget elementor-widget-posts\" data-id=\"bddbf42\" data-element_type=\"widget\" data-settings=\"{&quot;cards_columns&quot;:&quot;3&quot;,&quot;cards_columns_tablet&quot;:&quot;2&quot;,&quot;cards_columns_mobile&quot;:&quot;1&quot;,&quot;cards_row_gap&quot;:{&quot;unit&quot;:&quot;px&quot;,&quot;size&quot;:35,&quot;sizes&quot;:[]}}\" data-widget_type=\"posts.cards\">\n\t\t\t\t<div class=\"elementor-widget-container\">\n\t\t\t\t\t<div class=\"elementor-posts-container elementor-posts elementor-posts--skin-cards elementor-grid\">\n\t\t\t\t<article class=\"elementor-post elementor-grid-item post-4043 post type-post status-publish format-standard hentry category-c36-ultimas-noticias\">\n\t\t\t<div class=\"elementor-post__card\">\n\t\t\t\t<div class=\"elementor-post__text\">\n\t\t\t\t<h3 class=\"elementor-post__title\">\n\t\t\t<a href=\"https:\/\/chaucha.gob.ec\/azuay\/taller-de-capacitacion\/\">\n\t\t\t\tTaller de capacitaci\u00f3n\t\t\t<\/a>\n\t\t<\/h3>\n\t\t\t\t<div class=\"elementor-post__excerpt\">\n\t\t\t<p>17\/04\/2026 Con apoyo de la Prefectura del Azuay y AgroAzuay, hoy tambi\u00e9n realizamos el taller de capacitaci\u00f3n con los miembros de la Organizaci\u00f3n de Productores<\/p>\n\t\t<\/div>\n\t\t\t\t\t<a class=\"elementor-post__read-more\" href=\"https:\/\/chaucha.gob.ec\/azuay\/taller-de-capacitacion\/\">\n\t\t\t\tLeer m\u00e1s \u00bb\t\t\t<\/a>\n\t\t\t\t<\/div>\n\t\t\t\t<div class=\"elementor-post__meta-data\">\n\t\t\t\t\t<span class=\"elementor-post-date\">\n\t\t\t20 abril, 2026\t\t<\/span>\n\t\t\t\t<\/div>\n\t\t\t\t\t<\/div>\n\t\t<\/article>\n\t\t\t\t<article class=\"elementor-post elementor-grid-item post-3002 post type-post status-publish format-standard hentry category-sin-categoria\">\n\t\t\t<div class=\"elementor-post__card\">\n\t\t\t\t<div class=\"elementor-post__text\">\n\t\t\t\t<h3 class=\"elementor-post__title\">\n\t\t\t<a href=\"https:\/\/chaucha.gob.ec\/azuay\/fondo-violeta-para-la-parroquia-chaucha\/\">\n\t\t\t\tFONDO VIOLETA PARA LA PARROQUIA CHAUCHA\t\t\t<\/a>\n\t\t<\/h3>\n\t\t\t\t<div class=\"elementor-post__excerpt\">\n\t\t\t<p>El Gad parroquial de Chaucha dando cumplimiento a lo que dispone la Ley Org\u00e1nica Integral para prevenir y erradicar la Violencia en contra de la<\/p>\n\t\t<\/div>\n\t\t\t\t\t<a class=\"elementor-post__read-more\" href=\"https:\/\/chaucha.gob.ec\/azuay\/fondo-violeta-para-la-parroquia-chaucha\/\">\n\t\t\t\tLeer m\u00e1s \u00bb\t\t\t<\/a>\n\t\t\t\t<\/div>\n\t\t\t\t<div class=\"elementor-post__meta-data\">\n\t\t\t\t\t<span class=\"elementor-post-date\">\n\t\t\t26 agosto, 2024\t\t<\/span>\n\t\t\t\t<\/div>\n\t\t\t\t\t<\/div>\n\t\t<\/article>\n\t\t\t\t<article class=\"elementor-post elementor-grid-item post-2168 post type-post status-publish format-standard hentry category-c36-ultimas-noticias\">\n\t\t\t<div class=\"elementor-post__card\">\n\t\t\t\t<div class=\"elementor-post__text\">\n\t\t\t\t<h3 class=\"elementor-post__title\">\n\t\t\t<a href=\"https:\/\/chaucha.gob.ec\/azuay\/audiencia-publica-de-rendicion-de-cuentas-2021-2\/\">\n\t\t\t\tINVITACION PARA LA POBLACI\u00d3N\t\t\t<\/a>\n\t\t<\/h3>\n\t\t\t\t<div class=\"elementor-post__excerpt\">\n\t\t\t<p>Arrendamiento de un bien inmueble para el funcionamiento de la estaci\u00f3n de bomberos para la parroquia Chaucha, cant\u00f3n Cuenca, provincia del Azuay &nbsp; ESPECIFICACIONES<\/p>\n\t\t<\/div>\n\t\t\t\t\t<a class=\"elementor-post__read-more\" href=\"https:\/\/chaucha.gob.ec\/azuay\/audiencia-publica-de-rendicion-de-cuentas-2021-2\/\">\n\t\t\t\tLeer m\u00e1s \u00bb\t\t\t<\/a>\n\t\t\t\t<\/div>\n\t\t\t\t<div class=\"elementor-post__meta-data\">\n\t\t\t\t\t<span class=\"elementor-post-date\">\n\t\t\t21 abril, 2022\t\t<\/span>\n\t\t\t\t<\/div>\n\t\t\t\t\t<\/div>\n\t\t<\/article>\n\t\t\t\t<article class=\"elementor-post elementor-grid-item post-2162 post type-post status-publish format-standard hentry category-sin-categoria\">\n\t\t\t<div class=\"elementor-post__card\">\n\t\t\t\t<div class=\"elementor-post__text\">\n\t\t\t\t<h3 class=\"elementor-post__title\">\n\t\t\t<a href=\"https:\/\/chaucha.gob.ec\/azuay\/audiencia-publica-de-rendicion-de-cuentas-2021\/\">\n\t\t\t\tAUDIENCIA P\u00daBLICA DE RENDICI\u00d3N DE CUENTAS 2021\t\t\t<\/a>\n\t\t<\/h3>\n\t\t\t\t<div class=\"elementor-post__excerpt\">\n\t\t\t<p>HOY 21 DE ABRIL DE 2022 EL GAD PARROQUIAL DE CHAUCHA, REALIZO LA AUDIENCIA P\u00daBLICA DE RENDICI\u00d3N DE CUENTAS 2021 A LA CIUDADAN\u00cdA.<\/p>\n\t\t<\/div>\n\t\t\t\t\t<a class=\"elementor-post__read-more\" href=\"https:\/\/chaucha.gob.ec\/azuay\/audiencia-publica-de-rendicion-de-cuentas-2021\/\">\n\t\t\t\tLeer m\u00e1s \u00bb\t\t\t<\/a>\n\t\t\t\t<\/div>\n\t\t\t\t<div class=\"elementor-post__meta-data\">\n\t\t\t\t\t<span class=\"elementor-post-date\">\n\t\t\t21 abril, 2022\t\t<\/span>\n\t\t\t\t<\/div>\n\t\t\t\t\t<\/div>\n\t\t<\/article>\n\t\t\t\t<article class=\"elementor-post elementor-grid-item post-2143 post type-post status-publish format-standard hentry category-s6-noticias category-s7-proyectos category-sin-categoria\">\n\t\t\t<div class=\"elementor-post__card\">\n\t\t\t\t<div class=\"elementor-post__text\">\n\t\t\t\t<h3 class=\"elementor-post__title\">\n\t\t\t<a href=\"https:\/\/chaucha.gob.ec\/azuay\/proyecto-de-fortalecimiento-de-la-produccion-agroecologica-en-la-parroquia-chaucha-en-convenio-con-la-prefectura-del-azuay\/\">\n\t\t\t\tPROYECTO DE FORTALECIMIENTO DE LA PRODUCCI\u00d3N AGROECOL\u00d3GICA EN LA PARROQUIA CHAUCHA EN CONVENIO CON LA PREFECTURA DEL AZUAY\t\t\t<\/a>\n\t\t<\/h3>\n\t\t\t\t<div class=\"elementor-post__excerpt\">\n\t\t\t<p>En el mes de febrero se cumpli\u00f3 la entrega de materiales y accesorios para la conducci\u00f3n de agua y riego por goteo, plantas frutales, plantas<\/p>\n\t\t<\/div>\n\t\t\t\t\t<a class=\"elementor-post__read-more\" href=\"https:\/\/chaucha.gob.ec\/azuay\/proyecto-de-fortalecimiento-de-la-produccion-agroecologica-en-la-parroquia-chaucha-en-convenio-con-la-prefectura-del-azuay\/\">\n\t\t\t\tLeer m\u00e1s \u00bb\t\t\t<\/a>\n\t\t\t\t<\/div>\n\t\t\t\t<div class=\"elementor-post__meta-data\">\n\t\t\t\t\t<span class=\"elementor-post-date\">\n\t\t\t8 abril, 2022\t\t<\/span>\n\t\t\t\t<\/div>\n\t\t\t\t\t<\/div>\n\t\t<\/article>\n\t\t\t\t<article class=\"elementor-post elementor-grid-item post-2133 post type-post status-publish format-standard hentry category-s6-noticias category-sin-categoria\">\n\t\t\t<div class=\"elementor-post__card\">\n\t\t\t\t<div class=\"elementor-post__text\">\n\t\t\t\t<h3 class=\"elementor-post__title\">\n\t\t\t<a href=\"https:\/\/chaucha.gob.ec\/azuay\/trabajo-de-limpieza-y-rehabilitacion-de-la-via-cedro-zhinalto\/\">\n\t\t\t\tTRABAJO DE LIMPIEZA Y REHABILITACI\u00d3N DE LA V\u00cdA #CEDRO &#8211; #ZHINALTO\t\t\t<\/a>\n\t\t<\/h3>\n\t\t\t\t<div class=\"elementor-post__excerpt\">\n\t\t\t<p>Gracias a la colaboraci\u00f3n de la #Prefectura Del Azuay se realiza el trabajo de limpieza y rehabilitaci\u00f3n de la v\u00eda #Cedro &#8211; #Zhin Alto, en<\/p>\n\t\t<\/div>\n\t\t\t\t\t<a class=\"elementor-post__read-more\" href=\"https:\/\/chaucha.gob.ec\/azuay\/trabajo-de-limpieza-y-rehabilitacion-de-la-via-cedro-zhinalto\/\">\n\t\t\t\tLeer m\u00e1s \u00bb\t\t\t<\/a>\n\t\t\t\t<\/div>\n\t\t\t\t<div class=\"elementor-post__meta-data\">\n\t\t\t\t\t<span class=\"elementor-post-date\">\n\t\t\t8 abril, 2022\t\t<\/span>\n\t\t\t\t<\/div>\n\t\t\t\t\t<\/div>\n\t\t<\/article>\n\t\t\t\t<\/div>\n\t\t\t\t<\/div>\n\t\t\t\t<\/div>\n\t\t\t\t\t\t<\/div>\n\t\t\t<\/div>\n\t\t<\/div>\n\t\t\t\t\t\t<\/div>\n\t\t\t<\/div>\n\t\t<\/section>\n\t\t\t\t\t\t<\/div>\n\t\t\t<\/div>\n\t\t<\/div>\n\t\t","protected":false},"excerpt":{"rendered":"<p>FONDO VIOLETA El Gad parroquial de Chaucha dando cumplimiento a lo que dispone la Ley Org\u00e1nica Integral para prevenir y erradicar la Violencia en contra de la Mujer, desarrolla planes, estrategia, programas; y es por medio de esto que, en alianza con la Facultad de Jurisprudencia y Ciencias Pol\u00edticas y Sociales de la Universidad de [&hellip;]<\/p>\n","protected":false},"author":8,"featured_media":0,"parent":0,"menu_order":0,"comment_status":"closed","ping_status":"open","template":"","meta":{"footnotes":""},"yst_prominent_words":[],"class_list":["post-21","page","type-page","status-publish","hentry"],"_links":{"self":[{"href":"https:\/\/chaucha.gob.ec\/azuay\/wp-json\/wp\/v2\/pages\/21","targetHints":{"allow":["GET"]}}],"collection":[{"href":"https:\/\/chaucha.gob.ec\/azuay\/wp-json\/wp\/v2\/pages"}],"about":[{"href":"https:\/\/chaucha.gob.ec\/azuay\/wp-json\/wp\/v2\/types\/page"}],"author":[{"embeddable":true,"href":"https:\/\/chaucha.gob.ec\/azuay\/wp-json\/wp\/v2\/users\/8"}],"replies":[{"embeddable":true,"href":"https:\/\/chaucha.gob.ec\/azuay\/wp-json\/wp\/v2\/comments?post=21"}],"version-history":[{"count":4,"href":"https:\/\/chaucha.gob.ec\/azuay\/wp-json\/wp\/v2\/pages\/21\/revisions"}],"predecessor-version":[{"id":2295,"href":"https:\/\/chaucha.gob.ec\/azuay\/wp-json\/wp\/v2\/pages\/21\/revisions\/2295"}],"wp:attachment":[{"href":"https:\/\/chaucha.gob.ec\/azuay\/wp-json\/wp\/v2\/media?parent=21"}],"wp:term":[{"taxonomy":"yst_prominent_words","embeddable":true,"href":"https:\/\/chaucha.gob.ec\/azuay\/wp-json\/wp\/v2\/yst_prominent_words?post=21"}],"curies":[{"name":"wp","href":"https:\/\/api.w.org\/{rel}","templated":true}]}}