{"id":23,"date":"2014-10-24T02:12:28","date_gmt":"2014-10-24T02:12:28","guid":{"rendered":"https:\/\/chaucha.gob.ec\/azuay\/?page_id=23"},"modified":"2026-03-19T09:39:15","modified_gmt":"2026-03-19T13:39:15","slug":"contactenos","status":"publish","type":"page","link":"https:\/\/chaucha.gob.ec\/azuay\/contactenos\/","title":{"rendered":"Cont\u00e1ctenos"},"content":{"rendered":"<div class='content-column one_half'>\n<div class=\"wpcf7 no-js\" id=\"wpcf7-f889-o1\" lang=\"es-ES\" dir=\"ltr\" data-wpcf7-id=\"889\">\n<div class=\"screen-reader-response\"><p role=\"status\" aria-live=\"polite\" aria-atomic=\"true\"><\/p> <ul><\/ul><\/div>\n<form action=\"\/azuay\/wp-json\/wp\/v2\/pages\/23#wpcf7-f889-o1\" method=\"post\" class=\"wpcf7-form init\" aria-label=\"Formulario de contacto\" novalidate=\"novalidate\" data-status=\"init\">\n<div style=\"display: none;\">\n<input type=\"hidden\" name=\"_wpcf7\" value=\"889\" \/>\n<input type=\"hidden\" name=\"_wpcf7_version\" value=\"6.0.2\" \/>\n<input type=\"hidden\" name=\"_wpcf7_locale\" value=\"es_ES\" \/>\n<input type=\"hidden\" name=\"_wpcf7_unit_tag\" value=\"wpcf7-f889-o1\" \/>\n<input type=\"hidden\" name=\"_wpcf7_container_post\" value=\"0\" \/>\n<input type=\"hidden\" name=\"_wpcf7_posted_data_hash\" value=\"\" \/>\n<input type=\"hidden\" name=\"_wpcf7_recaptcha_response\" value=\"\" \/>\n<\/div>\n<p><label> Nombre (requerido)<br \/>\n<span class=\"wpcf7-form-control-wrap\" data-name=\"your-name\"><input size=\"40\" maxlength=\"400\" class=\"wpcf7-form-control wpcf7-text wpcf7-validates-as-required\" aria-required=\"true\" aria-invalid=\"false\" value=\"\" type=\"text\" name=\"your-name\" \/><\/span> <\/label>\n<\/p>\n<p><label> Tu correo electr\u00f3nico (requerido)<br \/>\n<span class=\"wpcf7-form-control-wrap\" data-name=\"your-email\"><input size=\"40\" maxlength=\"400\" class=\"wpcf7-form-control wpcf7-email wpcf7-validates-as-required wpcf7-text wpcf7-validates-as-email\" aria-required=\"true\" aria-invalid=\"false\" value=\"\" type=\"email\" name=\"your-email\" \/><\/span> <\/label>\n<\/p>\n<p><label> Asunto<br \/>\n<span class=\"wpcf7-form-control-wrap\" data-name=\"your-subject\"><input size=\"40\" maxlength=\"400\" class=\"wpcf7-form-control wpcf7-text\" aria-invalid=\"false\" value=\"\" type=\"text\" name=\"your-subject\" \/><\/span> <\/label>\n<\/p>\n<p><label> Mensaje<br \/>\n<span class=\"wpcf7-form-control-wrap\" data-name=\"your-message\"><textarea cols=\"40\" rows=\"10\" maxlength=\"2000\" class=\"wpcf7-form-control wpcf7-textarea\" aria-invalid=\"false\" name=\"your-message\"><\/textarea><\/span> <\/label><br \/>\n<span class=\"wpcf7-form-control-wrap recaptcha\" data-name=\"recaptcha\"><span data-sitekey=\"6LcdOXYUAAAAADD1iSzSIORw-_v14p-Ci2Fw2Yhv\" class=\"wpcf7-form-control wpcf7-recaptcha g-recaptcha\"><\/span>\r\n<noscript>\r\n\t<div class=\"grecaptcha-noscript\">\r\n\t\t<iframe loading=\"lazy\" src=\"https:\/\/www.google.com\/recaptcha\/api\/fallback?k=6LcdOXYUAAAAADD1iSzSIORw-_v14p-Ci2Fw2Yhv\" frameborder=\"0\" scrolling=\"no\" width=\"310\" height=\"430\">\r\n\t\t<\/iframe>\r\n\t\t<textarea name=\"g-recaptcha-response\" rows=\"3\" cols=\"40\" placeholder=\"Aqu\u00ed la respuesta de reCAPTCHA\">\r\n\t\t<\/textarea>\r\n\t<\/div>\r\n<\/noscript>\r\n<\/span>\n<\/p>\n<p><input class=\"wpcf7-form-control wpcf7-submit has-spinner\" type=\"submit\" value=\"Enviar\" \/>\n<\/p><div class=\"wpcf7-response-output\" aria-hidden=\"true\"><\/div>\n<\/form>\n<\/div>\n<\/div>\n<div class='content-column one_half last_column'><h2 style=\"text-align: center;\"><strong>Gobierno Aut\u00f3nomo Descentralizado <\/strong><\/h2>\n<h2 style=\"text-align: center;\"><strong>Parroquial\u00a0 de Chaucha<\/strong><\/h2>\n<p style=\"text-align: center;\"><strong>TEL\u00c9FONO:<\/strong> (07)4046875<\/p>\n<p style=\"text-align: center;\"><strong>CORREO:<\/strong> gadchaucharural@gmail.com<\/p>\n<p style=\"text-align: center;\"><strong>ADMINISTRACI\u00d3N:<\/strong> 2023-2027<\/p>\n<p style=\"text-align: center;\"><strong>DIRECCI\u00d3N:<\/strong> Parroquia Chaucha &#8211; San Gabriel KM 80<\/p>\n<p style=\"text-align: center;\"><strong>UBICACION:<\/strong> <a href=\"https:\/\/maps.app.goo.gl\/hVFcNHhGSVXCfcnd8\">https:\/\/maps.app.goo.gl\/hVFcNHhGSVXCfcnd8<\/a><\/p>\n<p style=\"text-align: center;\">Cuenca &#8211; Azuay &#8211; Ecuador<\/p>\n<p style=\"text-align: center;\"><strong>Vis\u00edtanos\u00a0 para brindarte una mejor atenci\u00f3n. <\/strong><\/p>\n<p style=\"text-align: center;\"><strong>\u00a1Ser\u00e1 un gusto ayudarte!<\/strong><\/p>\n<p><img loading=\"lazy\" decoding=\"async\" class=\"wp-image-3957 aligncenter\" src=\"https:\/\/chaucha.gob.ec\/azuay\/wp-content\/uploads\/2026\/03\/Untitled.png\" alt=\"\" width=\"148\" height=\"148\" srcset=\"https:\/\/chaucha.gob.ec\/azuay\/wp-content\/uploads\/2026\/03\/Untitled.png 1023w, https:\/\/chaucha.gob.ec\/azuay\/wp-content\/uploads\/2026\/03\/Untitled-550x550.png 550w, https:\/\/chaucha.gob.ec\/azuay\/wp-content\/uploads\/2026\/03\/Untitled-150x150.png 150w, https:\/\/chaucha.gob.ec\/azuay\/wp-content\/uploads\/2026\/03\/Untitled-768x768.png 768w\" sizes=\"auto, (max-width: 148px) 100vw, 148px\" \/><\/p>\n<p style=\"text-align: center;\">Comun\u00edcate con nosotros a trav\u00e9s de nuestro canal de WhatsApp<\/p>\n<p style=\"text-align: center;\">para \u00a0una atenci\u00f3n m\u00e1s \u00e1gil y directa.<\/p>\n<p>&nbsp;<\/p>\n<h2 style=\"text-align: center;\"><strong><a href=\"https:\/\/w.app\/h5mpov\">\u21d2CONTACTANOS AQUI\u21d0<\/a><\/strong><\/h2><\/div><div class='clear_column'><\/div>\n","protected":false},"excerpt":{"rendered":"Nombre (requerido) Tu correo electr\u00f3nico (requerido) Asunto Mensaje Gobierno Aut\u00f3nomo Descentralizado Parroquial\u00a0 de Chaucha TEL\u00c9FONO: (07)4046875 CORREO: gadchaucharural@gmail.com ADMINISTRACI\u00d3N: 2023-2027 DIRECCI\u00d3N: Parroquia Chaucha - San Gabriel KM 80 UBICACION: https:\/\/maps.app.goo.gl\/hVFcNHhGSVXCfcnd8 Cuenca - Azuay - Ecuador Vis\u00edtanos\u00a0 para brindarte una mejor atenci\u00f3n. \u00a1Ser\u00e1 un gusto ayudarte! Comun\u00edcate con nosotros a trav\u00e9s de nuestro canal de WhatsApp [...]","protected":false},"author":8,"featured_media":0,"parent":0,"menu_order":0,"comment_status":"closed","ping_status":"open","template":"","meta":{"footnotes":""},"yst_prominent_words":[21],"class_list":["post-23","page","type-page","status-publish","hentry"],"_links":{"self":[{"href":"https:\/\/chaucha.gob.ec\/azuay\/wp-json\/wp\/v2\/pages\/23","targetHints":{"allow":["GET"]}}],"collection":[{"href":"https:\/\/chaucha.gob.ec\/azuay\/wp-json\/wp\/v2\/pages"}],"about":[{"href":"https:\/\/chaucha.gob.ec\/azuay\/wp-json\/wp\/v2\/types\/page"}],"author":[{"embeddable":true,"href":"https:\/\/chaucha.gob.ec\/azuay\/wp-json\/wp\/v2\/users\/8"}],"replies":[{"embeddable":true,"href":"https:\/\/chaucha.gob.ec\/azuay\/wp-json\/wp\/v2\/comments?post=23"}],"version-history":[{"count":26,"href":"https:\/\/chaucha.gob.ec\/azuay\/wp-json\/wp\/v2\/pages\/23\/revisions"}],"predecessor-version":[{"id":3959,"href":"https:\/\/chaucha.gob.ec\/azuay\/wp-json\/wp\/v2\/pages\/23\/revisions\/3959"}],"wp:attachment":[{"href":"https:\/\/chaucha.gob.ec\/azuay\/wp-json\/wp\/v2\/media?parent=23"}],"wp:term":[{"taxonomy":"yst_prominent_words","embeddable":true,"href":"https:\/\/chaucha.gob.ec\/azuay\/wp-json\/wp\/v2\/yst_prominent_words?post=23"}],"curies":[{"name":"wp","href":"https:\/\/api.w.org\/{rel}","templated":true}]}}