{"id":2383,"date":"2023-12-30T10:05:37","date_gmt":"2023-12-30T14:05:37","guid":{"rendered":"https:\/\/chaucha.gob.ec\/azuay\/?page_id=2383"},"modified":"2025-07-14T16:20:51","modified_gmt":"2025-07-14T20:20:51","slug":"rendicion-de-cuentas-2024","status":"publish","type":"page","link":"https:\/\/chaucha.gob.ec\/azuay\/rendicion-de-cuentas-2024\/","title":{"rendered":"Rendici\u00f3n de Cuentas 2024"},"content":{"rendered":"<h1><img loading=\"lazy\" decoding=\"async\" class=\"alignnone size-full wp-image-3890\" src=\"https:\/\/chaucha.gob.ec\/azuay\/wp-content\/uploads\/2025\/05\/Captura-de-pantalla-2025-05-15-085558.jpg\" alt=\"\" width=\"1370\" height=\"776\" srcset=\"https:\/\/chaucha.gob.ec\/azuay\/wp-content\/uploads\/2025\/05\/Captura-de-pantalla-2025-05-15-085558.jpg 1370w, https:\/\/chaucha.gob.ec\/azuay\/wp-content\/uploads\/2025\/05\/Captura-de-pantalla-2025-05-15-085558-550x312.jpg 550w, https:\/\/chaucha.gob.ec\/azuay\/wp-content\/uploads\/2025\/05\/Captura-de-pantalla-2025-05-15-085558-1024x580.jpg 1024w, https:\/\/chaucha.gob.ec\/azuay\/wp-content\/uploads\/2025\/05\/Captura-de-pantalla-2025-05-15-085558-768x435.jpg 768w\" sizes=\"auto, (max-width: 1370px) 100vw, 1370px\" \/><\/h1>\n<p><strong>PLANIFICACI\u00d3N Y FACILITACI\u00d3N DEL PROCESO DESDE LA ASAMBLEA LOCAL<\/strong><\/p>\n<p><strong><div class=\"su-accordion su-u-trim\"><\/div><div class=\"su-spoiler su-spoiler-style-default su-spoiler-icon-plus su-spoiler-closed\" data-scroll-offset=\"0\" data-anchor-in-url=\"no\"><div class=\"su-spoiler-title\" tabindex=\"0\" role=\"button\"><span class=\"su-spoiler-icon\"><\/span>FASE 1<\/div><div class=\"su-spoiler-content su-u-clearfix su-u-trim\"><\/strong><\/p>\n<p><strong>Asamblea ciudadana local: REPRESENTANTES DE LAS COMUNIDADES<\/strong><\/p>\n<p><a href=\"https:\/\/chaucha.gob.ec\/azuay\/wp-content\/uploads\/2025\/07\/GUIA-DE-RENDICION-DE-CUENTAS-ANO-2024-FASE-I-1.pptx\">GUIA DE RENDICI\u00d2N DE CUENTAS A\u00d1O 2024 FASE I <\/a><\/p>\n<p><a href=\"https:\/\/chaucha.gob.ec\/azuay\/wp-content\/uploads\/2025\/07\/ilovepdf_merged-17.pdf\">ENTREGA DE PPREGUNTAS DE LAS COMUNIDADES<\/a><\/p>\n<p>&nbsp;<\/p>\n<p><strong><\/div><\/div><\/strong><\/p>\n<p><strong>EVALUACI\u00d3N DE LA GESTI\u00d3N Y ELABORACI\u00d3N DEL INFORME INSTITUCIONAL<\/strong><\/p>\n<p><strong><div class=\"su-accordion su-u-trim\"><\/div><div class=\"su-spoiler su-spoiler-style-default su-spoiler-icon-plus su-spoiler-closed\" data-scroll-offset=\"0\" data-anchor-in-url=\"no\"><div class=\"su-spoiler-title\" tabindex=\"0\" role=\"button\"><span class=\"su-spoiler-icon\"><\/span>FASE 2 <\/div><div class=\"su-spoiler-content su-u-clearfix su-u-trim\"><\/strong><\/p>\n<p><a href=\"https:\/\/chaucha.gob.ec\/azuay\/wp-content\/uploads\/2025\/07\/ACTA-PREGUNTA-Y-RESPUESTAS-RENDICION-CUENTAS-signed-1-signed-signed-signed-signed.pdf\">ACTA PREGUNTA Y RESPUESTAS RENDICION CUENTAS<\/a><\/p>\n<p><strong><\/div><\/div><\/strong><\/p>\n<p><strong>DELIBERACI\u00d3N P\u00daBLICA Y EVALUACI\u00d3N CIUDADANA DEL INFORME INSTITUCIONAL<\/strong><\/p>\n<p><strong><div class=\"su-accordion su-u-trim\"><\/div><div class=\"su-spoiler su-spoiler-style-default su-spoiler-icon-plus su-spoiler-closed\" data-scroll-offset=\"0\" data-anchor-in-url=\"no\"><div class=\"su-spoiler-title\" tabindex=\"0\" role=\"button\"><span class=\"su-spoiler-icon\"><\/span>FASE 3 <\/div><div class=\"su-spoiler-content su-u-clearfix su-u-trim\"><\/strong><\/p>\n<p><strong>Asamblea Ciudadana<\/strong><\/p>\n<p><a href=\"https:\/\/chaucha.gob.ec\/azuay\/wp-content\/uploads\/2025\/07\/RENDICION-CUENTAS-2024-FINAL.pptx\">PRESENTACION RENDICION CUENTAS 2024 <\/a><\/p>\n<p><img loading=\"lazy\" decoding=\"async\" class=\"alignnone size-full wp-image-3912\" src=\"https:\/\/chaucha.gob.ec\/azuay\/wp-content\/uploads\/2025\/07\/1.png\" alt=\"\" width=\"518\" height=\"438\" \/> <img loading=\"lazy\" decoding=\"async\" class=\"alignnone size-full wp-image-3913\" src=\"https:\/\/chaucha.gob.ec\/azuay\/wp-content\/uploads\/2025\/07\/2.png\" alt=\"\" width=\"511\" height=\"317\" \/> <img loading=\"lazy\" decoding=\"async\" class=\"alignnone size-full wp-image-3914\" src=\"https:\/\/chaucha.gob.ec\/azuay\/wp-content\/uploads\/2025\/07\/3.png\" alt=\"\" width=\"533\" height=\"832\" srcset=\"https:\/\/chaucha.gob.ec\/azuay\/wp-content\/uploads\/2025\/07\/3.png 533w, https:\/\/chaucha.gob.ec\/azuay\/wp-content\/uploads\/2025\/07\/3-513x800.png 513w\" sizes=\"auto, (max-width: 533px) 100vw, 533px\" \/><\/p>\n<p><a href=\"https:\/\/chaucha.gob.ec\/azuay\/wp-content\/uploads\/2025\/07\/asistencia-rendicion-de-cuentas-2024.pdf\">Asistencia rendici\u00f3n de cuentas 2024<\/a><\/p>\n<p><strong><\/div><\/div><\/strong><\/p>\n<p><strong>ENTREGA DEL \u00a0INFORME AL CPCCS<\/strong><\/p>\n<p><strong><div class=\"su-accordion su-u-trim\"><\/div><div class=\"su-spoiler su-spoiler-style-default su-spoiler-icon-plus su-spoiler-closed\" data-scroll-offset=\"0\" data-anchor-in-url=\"no\"><div class=\"su-spoiler-title\" tabindex=\"0\" role=\"button\"><span class=\"su-spoiler-icon\"><\/span>FASE 4<\/div><div class=\"su-spoiler-content su-u-clearfix su-u-trim\"><\/strong><\/p>\n<p>&nbsp;<\/p>\n<p><strong><\/div><\/div><\/strong><\/p>\n<p>&nbsp;<\/p>\n<p>&nbsp;<\/p>\n","protected":false},"excerpt":{"rendered":"<p>PLANIFICACI\u00d3N Y FACILITACI\u00d3N DEL PROCESO DESDE LA ASAMBLEA LOCAL EVALUACI\u00d3N DE LA GESTI\u00d3N Y ELABORACI\u00d3N DEL INFORME INSTITUCIONAL DELIBERACI\u00d3N P\u00daBLICA Y EVALUACI\u00d3N CIUDADANA DEL INFORME INSTITUCIONAL ENTREGA DEL \u00a0INFORME AL CPCCS &nbsp; &nbsp;<\/p>\n","protected":false},"author":8,"featured_media":0,"parent":0,"menu_order":0,"comment_status":"closed","ping_status":"closed","template":"","meta":{"footnotes":""},"yst_prominent_words":[],"class_list":["post-2383","page","type-page","status-publish","hentry"],"_links":{"self":[{"href":"https:\/\/chaucha.gob.ec\/azuay\/wp-json\/wp\/v2\/pages\/2383","targetHints":{"allow":["GET"]}}],"collection":[{"href":"https:\/\/chaucha.gob.ec\/azuay\/wp-json\/wp\/v2\/pages"}],"about":[{"href":"https:\/\/chaucha.gob.ec\/azuay\/wp-json\/wp\/v2\/types\/page"}],"author":[{"embeddable":true,"href":"https:\/\/chaucha.gob.ec\/azuay\/wp-json\/wp\/v2\/users\/8"}],"replies":[{"embeddable":true,"href":"https:\/\/chaucha.gob.ec\/azuay\/wp-json\/wp\/v2\/comments?post=2383"}],"version-history":[{"count":5,"href":"https:\/\/chaucha.gob.ec\/azuay\/wp-json\/wp\/v2\/pages\/2383\/revisions"}],"predecessor-version":[{"id":3919,"href":"https:\/\/chaucha.gob.ec\/azuay\/wp-json\/wp\/v2\/pages\/2383\/revisions\/3919"}],"wp:attachment":[{"href":"https:\/\/chaucha.gob.ec\/azuay\/wp-json\/wp\/v2\/media?parent=2383"}],"wp:term":[{"taxonomy":"yst_prominent_words","embeddable":true,"href":"https:\/\/chaucha.gob.ec\/azuay\/wp-json\/wp\/v2\/yst_prominent_words?post=2383"}],"curies":[{"name":"wp","href":"https:\/\/api.w.org\/{rel}","templated":true}]}}